{"id":6253,"date":"2024-01-16T10:30:45","date_gmt":"2024-01-16T03:30:45","guid":{"rendered":"https:\/\/leavco.com\/?page_id=6253"},"modified":"2024-02-24T16:39:50","modified_gmt":"2024-02-24T09:39:50","slug":"interpreter-bahasa-inggris","status":"publish","type":"page","link":"https:\/\/leavco.com\/pt\/interprete-de-ingles","title":{"rendered":"Int\u00e9rprete de Ingl\u00eas"},"content":{"rendered":"<div data-elementor-type=\"wp-page\" data-elementor-id=\"6253\" class=\"elementor elementor-6253\" data-elementor-post-type=\"page\">\n\t\t\t\t\t\t<section class=\"elementor-section elementor-top-section elementor-element elementor-element-5904ad8 elementor-section-height-min-height elementor-section-boxed elementor-section-height-default elementor-section-items-middle\" data-id=\"5904ad8\" data-element_type=\"section\" data-e-type=\"section\" data-settings=\"{&quot;background_background&quot;:&quot;classic&quot;,&quot;jet_parallax_layout_list&quot;:[]}\">\n\t\t\t\t\t\t\t<div class=\"elementor-background-overlay\"><\/div>\n\t\t\t\t\t\t\t<div class=\"elementor-container elementor-column-gap-default\">\n\t\t\t\t\t<div class=\"elementor-column elementor-col-50 elementor-top-column elementor-element elementor-element-301a5a0\" data-id=\"301a5a0\" data-element_type=\"column\" data-e-type=\"column\">\n\t\t\t<div class=\"elementor-widget-wrap elementor-element-populated\">\n\t\t\t\t\t\t\t<\/div>\n\t\t<\/div>\n\t\t\t\t<div class=\"elementor-column elementor-col-50 elementor-top-column elementor-element elementor-element-5f715ad\" data-id=\"5f715ad\" data-element_type=\"column\" data-e-type=\"column\">\n\t\t\t<div class=\"elementor-widget-wrap\">\n\t\t\t\t\t\t\t<\/div>\n\t\t<\/div>\n\t\t\t\t\t<\/div>\n\t\t<\/section>\n\t\t\t\t<section class=\"elementor-section elementor-top-section elementor-element elementor-element-a6ef85f elementor-section-boxed elementor-section-height-default elementor-section-height-default\" data-id=\"a6ef85f\" data-element_type=\"section\" data-e-type=\"section\" data-settings=\"{&quot;background_background&quot;:&quot;classic&quot;,&quot;jet_parallax_layout_list&quot;:[]}\">\n\t\t\t\t\t\t\t<div class=\"elementor-background-overlay\"><\/div>\n\t\t\t\t\t\t\t<div class=\"elementor-container elementor-column-gap-wide\">\n\t\t\t\t\t<div class=\"elementor-column elementor-col-50 elementor-top-column elementor-element elementor-element-b9160de\" data-id=\"b9160de\" data-element_type=\"column\" data-e-type=\"column\">\n\t\t\t<div class=\"elementor-widget-wrap elementor-element-populated\">\n\t\t\t\t\t\t<div class=\"elementor-element elementor-element-11f502f elementor-widget elementor-widget-image\" data-id=\"11f502f\" data-element_type=\"widget\" data-e-type=\"widget\" data-widget_type=\"image.default\">\n\t\t\t\t<div class=\"elementor-widget-container\">\n\t\t\t\t\t\t\t\t\t\t\t\t\t\t\t<img fetchpriority=\"high\" decoding=\"async\" width=\"2560\" height=\"1152\" src=\"https:\/\/leavco.com\/wp-content\/uploads\/2024\/02\/header-scaled.jpg\" class=\"attachment-full size-full wp-image-6364\" alt=\"\" srcset=\"https:\/\/leavco.com\/wp-content\/uploads\/2024\/02\/header-scaled.jpg 2560w, https:\/\/leavco.com\/wp-content\/uploads\/2024\/02\/header-300x135.jpg 300w, https:\/\/leavco.com\/wp-content\/uploads\/2024\/02\/header-1024x461.jpg 1024w, https:\/\/leavco.com\/wp-content\/uploads\/2024\/02\/header-768x346.jpg 768w, https:\/\/leavco.com\/wp-content\/uploads\/2024\/02\/header-1536x691.jpg 1536w, https:\/\/leavco.com\/wp-content\/uploads\/2024\/02\/header-2048x922.jpg 2048w\" sizes=\"(max-width: 2560px) 100vw, 2560px\" \/>\t\t\t\t\t\t\t\t\t\t\t\t\t\t\t<\/div>\n\t\t\t\t<\/div>\n\t\t\t\t\t<\/div>\n\t\t<\/div>\n\t\t\t\t<div class=\"elementor-column elementor-col-50 elementor-top-column elementor-element elementor-element-4ac1ef6\" data-id=\"4ac1ef6\" data-element_type=\"column\" data-e-type=\"column\">\n\t\t\t<div class=\"elementor-widget-wrap elementor-element-populated\">\n\t\t\t\t\t\t<div class=\"elementor-element elementor-element-ba02abf elementor-widget elementor-widget-heading\" data-id=\"ba02abf\" data-element_type=\"widget\" data-e-type=\"widget\" data-widget_type=\"heading.default\">\n\t\t\t\t<div class=\"elementor-widget-container\">\n\t\t\t\t\t<div class=\"elementor-heading-title elementor-size-default\">Leavco<\/div>\t\t\t\t<\/div>\n\t\t\t\t<\/div>\n\t\t\t\t<div class=\"elementor-element elementor-element-b148b8f elementor-widget elementor-widget-text-editor\" data-id=\"b148b8f\" data-element_type=\"widget\" data-e-type=\"widget\" data-widget_type=\"text-editor.default\">\n\t\t\t\t<div class=\"elementor-widget-container\">\n\t\t\t\t\t\t\t\t\t<p>Em diversas ocasi\u00f5es, a l\u00edngua tem um papel crucial na manuten\u00e7\u00e3o da flu\u00eancia das discuss\u00f5es, permitindo que as partes envolvidas se sintam seguras para focar na subst\u00e2ncia do t\u00f3pico debatido, sem precisar preocupar-se se o interlocutor compreende ou n\u00e3o o que \u00e9 dito.\u00a0<\/p><p>Servimos as necessidades de tradu\u00e7\u00e3o oral, amplamente conhecida como Interpreta\u00e7\u00e3o. Um int\u00e9rprete \u00e9 um especialista em l\u00ednguas que traduz oralmente as palavras de um orador para os ouvintes num idioma diferente.\u00a0<\/p><p>Fornecemos servi\u00e7os de interpreta\u00e7\u00e3o para as suas reuni\u00f5es de neg\u00f3cios ou confer\u00eancias.<\/p>\t\t\t\t\t\t\t\t<\/div>\n\t\t\t\t<\/div>\n\t\t\t\t\t<\/div>\n\t\t<\/div>\n\t\t\t\t\t<\/div>\n\t\t<\/section>\n\t\t\t\t<section class=\"elementor-section elementor-top-section elementor-element elementor-element-ceb7cb3 elementor-section-boxed elementor-section-height-default elementor-section-height-default\" data-id=\"ceb7cb3\" data-element_type=\"section\" data-e-type=\"section\" data-settings=\"{&quot;background_background&quot;:&quot;classic&quot;,&quot;jet_parallax_layout_list&quot;:[]}\">\n\t\t\t\t\t\t\t<div class=\"elementor-background-overlay\"><\/div>\n\t\t\t\t\t\t\t<div class=\"elementor-container elementor-column-gap-default\">\n\t\t\t\t\t<div class=\"elementor-column elementor-col-100 elementor-top-column elementor-element elementor-element-941c121\" data-id=\"941c121\" data-element_type=\"column\" data-e-type=\"column\">\n\t\t\t<div class=\"elementor-widget-wrap elementor-element-populated\">\n\t\t\t\t\t\t<div class=\"elementor-element elementor-element-6322254 elementor-widget elementor-widget-heading\" data-id=\"6322254\" data-element_type=\"widget\" data-e-type=\"widget\" data-widget_type=\"heading.default\">\n\t\t\t\t<div class=\"elementor-widget-container\">\n\t\t\t\t\t<h2 class=\"elementor-heading-title elementor-size-default\">Servi\u00e7os de Interpreta\u00e7\u00e3o<\/h2>\t\t\t\t<\/div>\n\t\t\t\t<\/div>\n\t\t\t\t<section class=\"elementor-section elementor-inner-section elementor-element elementor-element-cc1b789 elementor-section-boxed elementor-section-height-default elementor-section-height-default\" data-id=\"cc1b789\" data-element_type=\"section\" data-e-type=\"section\" data-settings=\"{&quot;jet_parallax_layout_list&quot;:[]}\">\n\t\t\t\t\t\t<div class=\"elementor-container elementor-column-gap-default\">\n\t\t\t\t\t<div class=\"elementor-column elementor-col-33 elementor-inner-column elementor-element elementor-element-d135b0c\" data-id=\"d135b0c\" data-element_type=\"column\" data-e-type=\"column\" data-settings=\"{&quot;background_background&quot;:&quot;classic&quot;}\">\n\t\t\t<div class=\"elementor-widget-wrap elementor-element-populated\">\n\t\t\t\t\t\t<div class=\"elementor-element elementor-element-5468b6c elementor-widget elementor-widget-image\" data-id=\"5468b6c\" data-element_type=\"widget\" data-e-type=\"widget\" data-widget_type=\"image.default\">\n\t\t\t\t<div class=\"elementor-widget-container\">\n\t\t\t\t\t\t\t\t\t\t\t\t\t\t\t<img decoding=\"async\" width=\"2560\" height=\"1152\" src=\"https:\/\/leavco.com\/wp-content\/uploads\/2024\/02\/20230830_140611-scaled.jpg\" class=\"attachment-full size-full wp-image-6320\" alt=\"\" srcset=\"https:\/\/leavco.com\/wp-content\/uploads\/2024\/02\/20230830_140611-scaled.jpg 2560w, https:\/\/leavco.com\/wp-content\/uploads\/2024\/02\/20230830_140611-300x135.jpg 300w, https:\/\/leavco.com\/wp-content\/uploads\/2024\/02\/20230830_140611-1024x461.jpg 1024w, https:\/\/leavco.com\/wp-content\/uploads\/2024\/02\/20230830_140611-768x346.jpg 768w, https:\/\/leavco.com\/wp-content\/uploads\/2024\/02\/20230830_140611-1536x691.jpg 1536w, https:\/\/leavco.com\/wp-content\/uploads\/2024\/02\/20230830_140611-2048x922.jpg 2048w\" sizes=\"(max-width: 2560px) 100vw, 2560px\" \/>\t\t\t\t\t\t\t\t\t\t\t\t\t\t\t<\/div>\n\t\t\t\t<\/div>\n\t\t\t\t<div class=\"elementor-element elementor-element-2d1eedb elementor-widget elementor-widget-heading\" data-id=\"2d1eedb\" data-element_type=\"widget\" data-e-type=\"widget\" data-widget_type=\"heading.default\">\n\t\t\t\t<div class=\"elementor-widget-container\">\n\t\t\t\t\t<h2 class=\"elementor-heading-title elementor-size-default\">Interpreta\u00e7\u00e3o Simult\u00e2nea Ingl\u00eas - Indon\u00e9sio<\/h2>\t\t\t\t<\/div>\n\t\t\t\t<\/div>\n\t\t\t\t<div class=\"elementor-element elementor-element-523b76f elementor-widget elementor-widget-text-editor\" data-id=\"523b76f\" data-element_type=\"widget\" data-e-type=\"widget\" data-widget_type=\"text-editor.default\">\n\t\t\t\t<div class=\"elementor-widget-container\">\n\t\t\t\t\t\t\t\t\t<p>Cimeira DEI 2023 Manulife Indon\u00e9sia<\/p><p>Jacarta, 30 de agosto de 2023<\/p>\t\t\t\t\t\t\t\t<\/div>\n\t\t\t\t<\/div>\n\t\t\t\t\t<\/div>\n\t\t<\/div>\n\t\t\t\t<div class=\"elementor-column elementor-col-33 elementor-inner-column elementor-element elementor-element-49e1b1e\" data-id=\"49e1b1e\" data-element_type=\"column\" data-e-type=\"column\" data-settings=\"{&quot;background_background&quot;:&quot;classic&quot;}\">\n\t\t\t<div class=\"elementor-widget-wrap elementor-element-populated\">\n\t\t\t\t\t\t<div class=\"elementor-element elementor-element-6c1f2bc elementor-widget elementor-widget-image\" data-id=\"6c1f2bc\" data-element_type=\"widget\" data-e-type=\"widget\" data-widget_type=\"image.default\">\n\t\t\t\t<div class=\"elementor-widget-container\">\n\t\t\t\t\t\t\t\t\t\t\t\t\t\t\t<img decoding=\"async\" width=\"2560\" height=\"1152\" src=\"https:\/\/leavco.com\/wp-content\/uploads\/2024\/02\/2-scaled.jpg\" class=\"attachment-full size-full wp-image-6345\" alt=\"\" srcset=\"https:\/\/leavco.com\/wp-content\/uploads\/2024\/02\/2-scaled.jpg 2560w, https:\/\/leavco.com\/wp-content\/uploads\/2024\/02\/2-300x135.jpg 300w, https:\/\/leavco.com\/wp-content\/uploads\/2024\/02\/2-1024x461.jpg 1024w, https:\/\/leavco.com\/wp-content\/uploads\/2024\/02\/2-768x346.jpg 768w, https:\/\/leavco.com\/wp-content\/uploads\/2024\/02\/2-1536x691.jpg 1536w, https:\/\/leavco.com\/wp-content\/uploads\/2024\/02\/2-2048x922.jpg 2048w\" sizes=\"(max-width: 2560px) 100vw, 2560px\" \/>\t\t\t\t\t\t\t\t\t\t\t\t\t\t\t<\/div>\n\t\t\t\t<\/div>\n\t\t\t\t<div class=\"elementor-element elementor-element-58d5c4a elementor-widget elementor-widget-heading\" data-id=\"58d5c4a\" data-element_type=\"widget\" data-e-type=\"widget\" data-widget_type=\"heading.default\">\n\t\t\t\t<div class=\"elementor-widget-container\">\n\t\t\t\t\t<h2 class=\"elementor-heading-title elementor-size-default\">Interpreta\u00e7\u00e3o Simult\u00e2nea Ingl\u00eas - Indon\u00e9sio<\/h2>\t\t\t\t<\/div>\n\t\t\t\t<\/div>\n\t\t\t\t<div class=\"elementor-element elementor-element-4a62580 elementor-widget elementor-widget-text-editor\" data-id=\"4a62580\" data-element_type=\"widget\" data-e-type=\"widget\" data-widget_type=\"text-editor.default\">\n\t\t\t\t<div class=\"elementor-widget-container\">\n\t\t\t\t\t\t\t\t\t<p>F\u00f3rum Asi\u00e1tico sobre Pens\u00f5es da Fun\u00e7\u00e3o P\u00fablica 2023<\/p><p>Jacarta, 1 de setembro de 2023<\/p>\t\t\t\t\t\t\t\t<\/div>\n\t\t\t\t<\/div>\n\t\t\t\t\t<\/div>\n\t\t<\/div>\n\t\t\t\t<div class=\"elementor-column elementor-col-33 elementor-inner-column elementor-element elementor-element-07dc8c6\" data-id=\"07dc8c6\" data-element_type=\"column\" data-e-type=\"column\" data-settings=\"{&quot;background_background&quot;:&quot;classic&quot;}\">\n\t\t\t<div class=\"elementor-widget-wrap elementor-element-populated\">\n\t\t\t\t\t\t<div class=\"elementor-element elementor-element-c812905 elementor-widget elementor-widget-image\" data-id=\"c812905\" data-element_type=\"widget\" data-e-type=\"widget\" data-widget_type=\"image.default\">\n\t\t\t\t<div class=\"elementor-widget-container\">\n\t\t\t\t\t\t\t\t\t\t\t\t\t\t\t<img loading=\"lazy\" decoding=\"async\" width=\"1156\" height=\"868\" src=\"https:\/\/leavco.com\/wp-content\/uploads\/2024\/02\/3.jpeg\" class=\"attachment-full size-full wp-image-6346\" alt=\"\" srcset=\"https:\/\/leavco.com\/wp-content\/uploads\/2024\/02\/3.jpeg 1156w, https:\/\/leavco.com\/wp-content\/uploads\/2024\/02\/3-300x225.jpeg 300w, https:\/\/leavco.com\/wp-content\/uploads\/2024\/02\/3-1024x769.jpeg 1024w, https:\/\/leavco.com\/wp-content\/uploads\/2024\/02\/3-768x577.jpeg 768w\" sizes=\"(max-width: 1156px) 100vw, 1156px\" \/>\t\t\t\t\t\t\t\t\t\t\t\t\t\t\t<\/div>\n\t\t\t\t<\/div>\n\t\t\t\t<div class=\"elementor-element elementor-element-3156ada elementor-widget elementor-widget-heading\" data-id=\"3156ada\" data-element_type=\"widget\" data-e-type=\"widget\" data-widget_type=\"heading.default\">\n\t\t\t\t<div class=\"elementor-widget-container\">\n\t\t\t\t\t<h2 class=\"elementor-heading-title elementor-size-default\">Interpreta\u00e7\u00e3o Simult\u00e2nea Indon\u00e9sio - Ingl\u00eas<\/h2>\t\t\t\t<\/div>\n\t\t\t\t<\/div>\n\t\t\t\t<div class=\"elementor-element elementor-element-169d76e elementor-widget elementor-widget-text-editor\" data-id=\"169d76e\" data-element_type=\"widget\" data-e-type=\"widget\" data-widget_type=\"text-editor.default\">\n\t\t\t\t<div class=\"elementor-widget-container\">\n\t\t\t\t\t\t\t\t\t<p>Pal\u00e1cio Batik<\/p><p>Jacarta, 1 de outubro de 2023<\/p>\t\t\t\t\t\t\t\t<\/div>\n\t\t\t\t<\/div>\n\t\t\t\t\t<\/div>\n\t\t<\/div>\n\t\t\t\t\t<\/div>\n\t\t<\/section>\n\t\t\t\t<section class=\"elementor-section elementor-inner-section elementor-element elementor-element-fd6b264 elementor-section-boxed elementor-section-height-default elementor-section-height-default\" data-id=\"fd6b264\" data-element_type=\"section\" data-e-type=\"section\" data-settings=\"{&quot;jet_parallax_layout_list&quot;:[]}\">\n\t\t\t\t\t\t<div class=\"elementor-container elementor-column-gap-default\">\n\t\t\t\t\t<div class=\"elementor-column elementor-col-33 elementor-inner-column elementor-element elementor-element-73f8f0a\" data-id=\"73f8f0a\" data-element_type=\"column\" data-e-type=\"column\" data-settings=\"{&quot;background_background&quot;:&quot;classic&quot;}\">\n\t\t\t<div class=\"elementor-widget-wrap elementor-element-populated\">\n\t\t\t\t\t\t<div class=\"elementor-element elementor-element-6adabe6 elementor-widget elementor-widget-image\" data-id=\"6adabe6\" data-element_type=\"widget\" data-e-type=\"widget\" data-widget_type=\"image.default\">\n\t\t\t\t<div class=\"elementor-widget-container\">\n\t\t\t\t\t\t\t\t\t\t\t\t\t\t\t<img loading=\"lazy\" decoding=\"async\" width=\"1600\" height=\"1200\" src=\"https:\/\/leavco.com\/wp-content\/uploads\/2024\/02\/4.jpeg\" class=\"attachment-full size-full wp-image-6347\" alt=\"\" srcset=\"https:\/\/leavco.com\/wp-content\/uploads\/2024\/02\/4.jpeg 1600w, https:\/\/leavco.com\/wp-content\/uploads\/2024\/02\/4-300x225.jpeg 300w, https:\/\/leavco.com\/wp-content\/uploads\/2024\/02\/4-1024x768.jpeg 1024w, https:\/\/leavco.com\/wp-content\/uploads\/2024\/02\/4-768x576.jpeg 768w, https:\/\/leavco.com\/wp-content\/uploads\/2024\/02\/4-1536x1152.jpeg 1536w\" sizes=\"(max-width: 1600px) 100vw, 1600px\" \/>\t\t\t\t\t\t\t\t\t\t\t\t\t\t\t<\/div>\n\t\t\t\t<\/div>\n\t\t\t\t<div class=\"elementor-element elementor-element-a682ff4 elementor-widget elementor-widget-heading\" data-id=\"a682ff4\" data-element_type=\"widget\" data-e-type=\"widget\" data-widget_type=\"heading.default\">\n\t\t\t\t<div class=\"elementor-widget-container\">\n\t\t\t\t\t<h2 class=\"elementor-heading-title elementor-size-default\">Interpreta\u00e7\u00e3o Consecutiva<\/h2>\t\t\t\t<\/div>\n\t\t\t\t<\/div>\n\t\t\t\t<div class=\"elementor-element elementor-element-52827dc elementor-widget elementor-widget-text-editor\" data-id=\"52827dc\" data-element_type=\"widget\" data-e-type=\"widget\" data-widget_type=\"text-editor.default\">\n\t\t\t\t<div class=\"elementor-widget-container\">\n\t\t\t\t\t\t\t\t\t<p>Visita ao campo da SABIC Petrochemicals<\/p><p>Jacarta, 13 de setembro de 2023<\/p>\t\t\t\t\t\t\t\t<\/div>\n\t\t\t\t<\/div>\n\t\t\t\t\t<\/div>\n\t\t<\/div>\n\t\t\t\t<div class=\"elementor-column elementor-col-33 elementor-inner-column elementor-element elementor-element-ced973a\" data-id=\"ced973a\" data-element_type=\"column\" data-e-type=\"column\" data-settings=\"{&quot;background_background&quot;:&quot;classic&quot;}\">\n\t\t\t<div class=\"elementor-widget-wrap elementor-element-populated\">\n\t\t\t\t\t\t<div class=\"elementor-element elementor-element-5f4aa51 elementor-widget elementor-widget-image\" data-id=\"5f4aa51\" data-element_type=\"widget\" data-e-type=\"widget\" data-widget_type=\"image.default\">\n\t\t\t\t<div class=\"elementor-widget-container\">\n\t\t\t\t\t\t\t\t\t\t\t\t\t\t\t<img loading=\"lazy\" decoding=\"async\" width=\"2560\" height=\"1152\" src=\"https:\/\/leavco.com\/wp-content\/uploads\/2024\/02\/5-scaled.jpg\" class=\"attachment-full size-full wp-image-6349\" alt=\"\" srcset=\"https:\/\/leavco.com\/wp-content\/uploads\/2024\/02\/5-scaled.jpg 2560w, https:\/\/leavco.com\/wp-content\/uploads\/2024\/02\/5-300x135.jpg 300w, https:\/\/leavco.com\/wp-content\/uploads\/2024\/02\/5-1024x461.jpg 1024w, https:\/\/leavco.com\/wp-content\/uploads\/2024\/02\/5-768x346.jpg 768w, https:\/\/leavco.com\/wp-content\/uploads\/2024\/02\/5-1536x691.jpg 1536w, https:\/\/leavco.com\/wp-content\/uploads\/2024\/02\/5-2048x922.jpg 2048w\" sizes=\"(max-width: 2560px) 100vw, 2560px\" \/>\t\t\t\t\t\t\t\t\t\t\t\t\t\t\t<\/div>\n\t\t\t\t<\/div>\n\t\t\t\t<div class=\"elementor-element elementor-element-c794c04 elementor-widget elementor-widget-heading\" data-id=\"c794c04\" data-element_type=\"widget\" data-e-type=\"widget\" data-widget_type=\"heading.default\">\n\t\t\t\t<div class=\"elementor-widget-container\">\n\t\t\t\t\t<h2 class=\"elementor-heading-title elementor-size-default\">Interpreta\u00e7\u00e3o Simult\u00e2nea Ingl\u00eas - Indon\u00e9sio<\/h2>\t\t\t\t<\/div>\n\t\t\t\t<\/div>\n\t\t\t\t<div class=\"elementor-element elementor-element-e243155 elementor-widget elementor-widget-text-editor\" data-id=\"e243155\" data-element_type=\"widget\" data-e-type=\"widget\" data-widget_type=\"text-editor.default\">\n\t\t\t\t<div class=\"elementor-widget-container\">\n\t\t\t\t\t\t\t\t\t<p class=\"MsoNormal\"><span lang=\"EN-US\">Inaugura\u00e7\u00e3o da central fotovoltaica flutuante de Cirata<\/span><\/p><p class=\"MsoNormal\"><span style=\"font-family: var( --e-global-typography-text-font-family ), Sans-serif; font-weight: var( --e-global-typography-text-font-weight ); font-size: 1rem;\">Purwakarta, 9 de novembro de 2023<\/span><\/p>\t\t\t\t\t\t\t\t<\/div>\n\t\t\t\t<\/div>\n\t\t\t\t\t<\/div>\n\t\t<\/div>\n\t\t\t\t<div class=\"elementor-column elementor-col-33 elementor-inner-column elementor-element elementor-element-31e04bb\" data-id=\"31e04bb\" data-element_type=\"column\" data-e-type=\"column\" data-settings=\"{&quot;background_background&quot;:&quot;classic&quot;}\">\n\t\t\t<div class=\"elementor-widget-wrap elementor-element-populated\">\n\t\t\t\t\t\t<div class=\"elementor-element elementor-element-885a36f elementor-widget elementor-widget-image\" data-id=\"885a36f\" data-element_type=\"widget\" data-e-type=\"widget\" data-widget_type=\"image.default\">\n\t\t\t\t<div class=\"elementor-widget-container\">\n\t\t\t\t\t\t\t\t\t\t\t\t\t\t\t<img loading=\"lazy\" decoding=\"async\" width=\"2560\" height=\"1152\" src=\"https:\/\/leavco.com\/wp-content\/uploads\/2024\/02\/6-scaled.jpg\" class=\"attachment-full size-full wp-image-6357\" alt=\"\" srcset=\"https:\/\/leavco.com\/wp-content\/uploads\/2024\/02\/6-scaled.jpg 2560w, https:\/\/leavco.com\/wp-content\/uploads\/2024\/02\/6-300x135.jpg 300w, https:\/\/leavco.com\/wp-content\/uploads\/2024\/02\/6-1024x461.jpg 1024w, https:\/\/leavco.com\/wp-content\/uploads\/2024\/02\/6-768x346.jpg 768w, https:\/\/leavco.com\/wp-content\/uploads\/2024\/02\/6-1536x691.jpg 1536w, https:\/\/leavco.com\/wp-content\/uploads\/2024\/02\/6-2048x922.jpg 2048w\" sizes=\"(max-width: 2560px) 100vw, 2560px\" \/>\t\t\t\t\t\t\t\t\t\t\t\t\t\t\t<\/div>\n\t\t\t\t<\/div>\n\t\t\t\t<div class=\"elementor-element elementor-element-1afabf4 elementor-widget elementor-widget-heading\" data-id=\"1afabf4\" data-element_type=\"widget\" data-e-type=\"widget\" data-widget_type=\"heading.default\">\n\t\t\t\t<div class=\"elementor-widget-container\">\n\t\t\t\t\t<h2 class=\"elementor-heading-title elementor-size-default\">Interpreta\u00e7\u00e3o Simult\u00e2nea Ingl\u00eas - Indon\u00e9sio<\/h2>\t\t\t\t<\/div>\n\t\t\t\t<\/div>\n\t\t\t\t<div class=\"elementor-element elementor-element-68518df elementor-widget elementor-widget-text-editor\" data-id=\"68518df\" data-element_type=\"widget\" data-e-type=\"widget\" data-widget_type=\"text-editor.default\">\n\t\t\t\t<div class=\"elementor-widget-container\">\n\t\t\t\t\t\t\t\t\t<p>Inaugura\u00e7\u00e3o da nova fundi\u00e7\u00e3o de cobre PT Freeport Indonesia<\/p><p>Gresik, 14 de dezembro de 2023<\/p>\t\t\t\t\t\t\t\t<\/div>\n\t\t\t\t<\/div>\n\t\t\t\t\t<\/div>\n\t\t<\/div>\n\t\t\t\t\t<\/div>\n\t\t<\/section>\n\t\t\t\t<div class=\"elementor-element elementor-element-2292d33 elementor-hidden-mobile elementor-widget elementor-widget-spacer\" data-id=\"2292d33\" data-element_type=\"widget\" data-e-type=\"widget\" data-widget_type=\"spacer.default\">\n\t\t\t\t<div class=\"elementor-widget-container\">\n\t\t\t\t\t\t\t<div class=\"elementor-spacer\">\n\t\t\t<div class=\"elementor-spacer-inner\"><\/div>\n\t\t<\/div>\n\t\t\t\t\t\t<\/div>\n\t\t\t\t<\/div>\n\t\t\t\t\t<\/div>\n\t\t<\/div>\n\t\t\t\t\t<\/div>\n\t\t<\/section>\n\t\t\t\t<section class=\"elementor-section elementor-top-section elementor-element elementor-element-5bf0827 elementor-section-boxed elementor-section-height-default elementor-section-height-default\" data-id=\"5bf0827\" data-element_type=\"section\" data-e-type=\"section\" data-settings=\"{&quot;background_background&quot;:&quot;classic&quot;,&quot;jet_parallax_layout_list&quot;:[]}\">\n\t\t\t\t\t\t\t<div class=\"elementor-background-overlay\"><\/div>\n\t\t\t\t\t\t\t<div class=\"elementor-container elementor-column-gap-wide\">\n\t\t\t\t\t<div class=\"elementor-column elementor-col-50 elementor-top-column elementor-element elementor-element-ca260a5 elementor-invisible\" data-id=\"ca260a5\" data-element_type=\"column\" data-e-type=\"column\" data-settings=\"{&quot;background_background&quot;:&quot;classic&quot;,&quot;animation&quot;:&quot;fadeInUp&quot;}\">\n\t\t\t<div class=\"elementor-widget-wrap elementor-element-populated\">\n\t\t\t\t\t\t<div class=\"elementor-element elementor-element-ac73d58 elementor-widget elementor-widget-heading\" data-id=\"ac73d58\" data-element_type=\"widget\" data-e-type=\"widget\" data-widget_type=\"heading.default\">\n\t\t\t\t<div class=\"elementor-widget-container\">\n\t\t\t\t\t<h2 class=\"elementor-heading-title elementor-size-default\">Garanta a flu\u00eancia da sua comunica\u00e7\u00e3o<\/h2>\t\t\t\t<\/div>\n\t\t\t\t<\/div>\n\t\t\t\t<div class=\"elementor-element elementor-element-0eaf97c elementor-widget elementor-widget-text-editor\" data-id=\"0eaf97c\" data-element_type=\"widget\" data-e-type=\"widget\" data-widget_type=\"text-editor.default\">\n\t\t\t\t<div class=\"elementor-widget-container\">\n\t\t\t\t\t\t\t\t\t<p>A troca de informa\u00e7\u00f5es \u00e9 a ess\u00eancia de eventos como visitas de trabalho, confer\u00eancias e reuni\u00f5es de neg\u00f3cios.\u00a0<\/p><p>Fornecemos servi\u00e7os de interpreta\u00e7\u00e3o em portugu\u00eas que apoiar\u00e3o o sucesso do seu evento.<\/p><p>Fale com a nossa equipa administrativa para obter a melhor oferta.<\/p>\t\t\t\t\t\t\t\t<\/div>\n\t\t\t\t<\/div>\n\t\t\t\t\t<\/div>\n\t\t<\/div>\n\t\t\t\t<div class=\"elementor-column elementor-col-50 elementor-top-column elementor-element elementor-element-38fb0a9 elementor-invisible\" data-id=\"38fb0a9\" data-element_type=\"column\" data-e-type=\"column\" data-settings=\"{&quot;background_background&quot;:&quot;classic&quot;,&quot;animation&quot;:&quot;fadeInUp&quot;}\">\n\t\t\t<div class=\"elementor-widget-wrap elementor-element-populated\">\n\t\t\t\t\t\t<div class=\"elementor-element elementor-element-cab5704 elementor-align-center elementor-widget elementor-widget-button\" data-id=\"cab5704\" data-element_type=\"widget\" data-e-type=\"widget\" data-widget_type=\"button.default\">\n\t\t\t\t<div class=\"elementor-widget-container\">\n\t\t\t\t\t\t\t\t\t<div class=\"elementor-button-wrapper\">\n\t\t\t\t\t<a class=\"elementor-button elementor-size-sm elementor-animation-grow\" role=\"button\">\n\t\t\t\t\t\t<span class=\"elementor-button-content-wrapper\">\n\t\t\t\t\t\t\t\t\t<span class=\"elementor-button-text\">Contacte-Nos<\/span>\n\t\t\t\t\t<\/span>\n\t\t\t\t\t<\/a>\n\t\t\t\t<\/div>\n\t\t\t\t\t\t\t\t<\/div>\n\t\t\t\t<\/div>\n\t\t\t\t\t<\/div>\n\t\t<\/div>\n\t\t\t\t\t<\/div>\n\t\t<\/section>\n\t\t\t\t<\/div>","protected":false},"excerpt":{"rendered":"<p>Leavco Dalam berbagai kesempatan, bahasa memiliki peran penting dalam menjaga kelancaran diskusi, sehingga pihak yang terlibat merasa aman untuk berfokus pada substansi topik yang dibahas, tanpa harus memikirkan jika lawan bicara memahami atau tidak perkataan yang mereka sampaikan.\u00a0 Kami melayani kebutuhan penerjemahan lisan atau yang dikenal luas sebagai Interpreter. Interpreter adalah seorang ahli bahasa yang [&hellip;]<\/p>","protected":false},"author":9,"featured_media":0,"parent":0,"menu_order":0,"comment_status":"closed","ping_status":"closed","template":"elementor_header_footer","meta":{"googlesitekit_rrm_CAow0ovCDA:productID":"","footnotes":""},"class_list":["post-6253","page","type-page","status-publish","hentry"],"aioseo_notices":[],"_links":{"self":[{"href":"https:\/\/leavco.com\/pt\/wp-json\/wp\/v2\/pages\/6253","targetHints":{"allow":["GET"]}}],"collection":[{"href":"https:\/\/leavco.com\/pt\/wp-json\/wp\/v2\/pages"}],"about":[{"href":"https:\/\/leavco.com\/pt\/wp-json\/wp\/v2\/types\/page"}],"author":[{"embeddable":true,"href":"https:\/\/leavco.com\/pt\/wp-json\/wp\/v2\/users\/9"}],"replies":[{"embeddable":true,"href":"https:\/\/leavco.com\/pt\/wp-json\/wp\/v2\/comments?post=6253"}],"version-history":[{"count":49,"href":"https:\/\/leavco.com\/pt\/wp-json\/wp\/v2\/pages\/6253\/revisions"}],"predecessor-version":[{"id":6368,"href":"https:\/\/leavco.com\/pt\/wp-json\/wp\/v2\/pages\/6253\/revisions\/6368"}],"wp:attachment":[{"href":"https:\/\/leavco.com\/pt\/wp-json\/wp\/v2\/media?parent=6253"}],"curies":[{"name":"wp","href":"https:\/\/api.w.org\/{rel}","templated":true}]}}