{"id":2993,"date":"2021-04-09T15:18:58","date_gmt":"2021-04-09T08:18:58","guid":{"rendered":"http:\/\/leavco.com\/?page_id=2993"},"modified":"2023-01-15T17:08:43","modified_gmt":"2023-01-15T10:08:43","slug":"privat-portugis","status":"publish","type":"page","link":"https:\/\/leavco.com\/pt\/curso-2\/lingua-portuguesa\/privado-portugues","title":{"rendered":"Aulas Particulares de Portugu\u00eas"},"content":{"rendered":"<div data-elementor-type=\"wp-page\" data-elementor-id=\"2993\" class=\"elementor elementor-2993\" data-elementor-post-type=\"page\">\n\t\t\t\t\t\t<section class=\"elementor-section elementor-top-section elementor-element elementor-element-034f1bd elementor-section-height-min-height elementor-section-boxed elementor-section-height-default elementor-section-items-middle\" data-id=\"034f1bd\" data-element_type=\"section\" data-e-type=\"section\" data-settings=\"{&quot;background_background&quot;:&quot;classic&quot;,&quot;jet_parallax_layout_list&quot;:[]}\">\n\t\t\t\t\t\t\t<div class=\"elementor-background-overlay\"><\/div>\n\t\t\t\t\t\t\t<div class=\"elementor-container elementor-column-gap-default\">\n\t\t\t\t\t<div class=\"elementor-column elementor-col-100 elementor-top-column elementor-element elementor-element-9378574\" data-id=\"9378574\" data-element_type=\"column\" data-e-type=\"column\">\n\t\t\t<div class=\"elementor-widget-wrap elementor-element-populated\">\n\t\t\t\t\t\t<div class=\"elementor-element elementor-element-a5cab53 elementor-widget elementor-widget-heading\" data-id=\"a5cab53\" data-element_type=\"widget\" data-e-type=\"widget\" data-widget_type=\"heading.default\">\n\t\t\t\t<div class=\"elementor-widget-container\">\n\t\t\t\t\t<h1 class=\"elementor-heading-title elementor-size-default\">Curso de Portugu\u00eas em Aulas Privadas<\/h1>\t\t\t\t<\/div>\n\t\t\t\t<\/div>\n\t\t\t\t\t<\/div>\n\t\t<\/div>\n\t\t\t\t\t<\/div>\n\t\t<\/section>\n\t\t\t\t<section class=\"elementor-section elementor-top-section elementor-element elementor-element-a9da5ce elementor-section-content-middle elementor-reverse-mobile elementor-section-boxed elementor-section-height-default elementor-section-height-default\" data-id=\"a9da5ce\" data-element_type=\"section\" data-e-type=\"section\" data-settings=\"{&quot;background_background&quot;:&quot;classic&quot;,&quot;jet_parallax_layout_list&quot;:[]}\">\n\t\t\t\t\t\t\t<div class=\"elementor-background-overlay\"><\/div>\n\t\t\t\t\t\t\t<div class=\"elementor-container elementor-column-gap-wide\">\n\t\t\t\t\t<div class=\"elementor-column elementor-col-50 elementor-top-column elementor-element elementor-element-418203f\" data-id=\"418203f\" data-element_type=\"column\" data-e-type=\"column\">\n\t\t\t<div class=\"elementor-widget-wrap elementor-element-populated\">\n\t\t\t\t\t\t<div class=\"elementor-element elementor-element-20238a7 elementor-widget elementor-widget-heading\" data-id=\"20238a7\" data-element_type=\"widget\" data-e-type=\"widget\" data-widget_type=\"heading.default\">\n\t\t\t\t<div class=\"elementor-widget-container\">\n\t\t\t\t\t<div class=\"elementor-heading-title elementor-size-default\">Portugu\u00eas<\/div>\t\t\t\t<\/div>\n\t\t\t\t<\/div>\n\t\t\t\t<div class=\"elementor-element elementor-element-a74703c elementor-widget elementor-widget-heading\" data-id=\"a74703c\" data-element_type=\"widget\" data-e-type=\"widget\" data-widget_type=\"heading.default\">\n\t\t\t\t<div class=\"elementor-widget-container\">\n\t\t\t\t\t<h2 class=\"elementor-heading-title elementor-size-default\">Aulas Particulares de Portugu\u00eas\n<\/h2>\t\t\t\t<\/div>\n\t\t\t\t<\/div>\n\t\t\t\t<div class=\"elementor-element elementor-element-fe15a2a elementor-widget elementor-widget-heading\" data-id=\"fe15a2a\" data-element_type=\"widget\" data-e-type=\"widget\" data-widget_type=\"heading.default\">\n\t\t\t\t<div class=\"elementor-widget-container\">\n\t\t\t\t\t<span class=\"elementor-heading-title elementor-size-default\">O sistema de um professor por aluno permite que organize de forma flex\u00edvel o tempo e o local, tornando a experi\u00eancia de aprendizagem do portugu\u00eas agrad\u00e1vel.<\/span>\t\t\t\t<\/div>\n\t\t\t\t<\/div>\n\t\t\t\t<div class=\"elementor-element elementor-element-74da350 elementor-widget elementor-widget-text-editor\" data-id=\"74da350\" data-element_type=\"widget\" data-e-type=\"widget\" data-widget_type=\"text-editor.default\">\n\t\t\t\t<div class=\"elementor-widget-container\">\n\t\t\t\t\t\t\t\t\t<p>Para empres\u00e1rios e profissionais, o desejo de aprender portugu\u00eas \u00e9 muitas vezes limitado pelo tempo.<\/p><p>Programa <strong>As Aulas Privadas de Portugu\u00eas<\/strong> s\u00e3o desenhadas exclusivamente para empres\u00e1rios e profissionais que desejam optimizar o seu tempo no meio de uma agenda ocupada.<\/p>\t\t\t\t\t\t\t\t<\/div>\n\t\t\t\t<\/div>\n\t\t\t\t\t<\/div>\n\t\t<\/div>\n\t\t\t\t<div class=\"elementor-column elementor-col-50 elementor-top-column elementor-element elementor-element-cb35ac2\" data-id=\"cb35ac2\" data-element_type=\"column\" data-e-type=\"column\">\n\t\t\t<div class=\"elementor-widget-wrap elementor-element-populated\">\n\t\t\t\t\t\t<div class=\"elementor-element elementor-element-d58f688 elementor-widget elementor-widget-image\" data-id=\"d58f688\" data-element_type=\"widget\" data-e-type=\"widget\" data-widget_type=\"image.default\">\n\t\t\t\t<div class=\"elementor-widget-container\">\n\t\t\t\t\t\t\t\t\t\t\t\t\t\t\t<img fetchpriority=\"high\" decoding=\"async\" width=\"2560\" height=\"1440\" src=\"https:\/\/leavco.com\/wp-content\/uploads\/2021\/04\/20200129_215244-scaled.jpg\" class=\"attachment-full size-full wp-image-3191\" alt=\"Curso de Portugu\u00eas\" srcset=\"https:\/\/leavco.com\/wp-content\/uploads\/2021\/04\/20200129_215244-scaled.jpg 2560w, https:\/\/leavco.com\/wp-content\/uploads\/2021\/04\/20200129_215244-300x169.jpg 300w, https:\/\/leavco.com\/wp-content\/uploads\/2021\/04\/20200129_215244-1024x576.jpg 1024w, https:\/\/leavco.com\/wp-content\/uploads\/2021\/04\/20200129_215244-768x432.jpg 768w, https:\/\/leavco.com\/wp-content\/uploads\/2021\/04\/20200129_215244-1536x864.jpg 1536w\" sizes=\"(max-width: 2560px) 100vw, 2560px\" \/>\t\t\t\t\t\t\t\t\t\t\t\t\t\t\t<\/div>\n\t\t\t\t<\/div>\n\t\t\t\t\t<\/div>\n\t\t<\/div>\n\t\t\t\t\t<\/div>\n\t\t<\/section>\n\t\t\t\t<section class=\"elementor-section elementor-top-section elementor-element elementor-element-87b4aba elementor-section-content-middle elementor-reverse-mobile elementor-section-boxed elementor-section-height-default elementor-section-height-default\" data-id=\"87b4aba\" data-element_type=\"section\" data-e-type=\"section\" data-settings=\"{&quot;background_background&quot;:&quot;classic&quot;,&quot;jet_parallax_layout_list&quot;:[]}\">\n\t\t\t\t\t\t\t<div class=\"elementor-background-overlay\"><\/div>\n\t\t\t\t\t\t\t<div class=\"elementor-container elementor-column-gap-wide\">\n\t\t\t\t\t<div class=\"elementor-column elementor-col-50 elementor-top-column elementor-element elementor-element-956ec17\" data-id=\"956ec17\" data-element_type=\"column\" data-e-type=\"column\">\n\t\t\t<div class=\"elementor-widget-wrap elementor-element-populated\">\n\t\t\t\t\t\t<section class=\"elementor-section elementor-inner-section elementor-element elementor-element-ff38d25 elementor-section-boxed elementor-section-height-default elementor-section-height-default\" data-id=\"ff38d25\" data-element_type=\"section\" data-e-type=\"section\" data-settings=\"{&quot;jet_parallax_layout_list&quot;:[]}\">\n\t\t\t\t\t\t<div class=\"elementor-container elementor-column-gap-default\">\n\t\t\t\t\t<div class=\"elementor-column elementor-col-100 elementor-inner-column elementor-element elementor-element-ad8c647\" data-id=\"ad8c647\" data-element_type=\"column\" data-e-type=\"column\">\n\t\t\t<div class=\"elementor-widget-wrap elementor-element-populated\">\n\t\t\t\t\t\t<div class=\"elementor-element elementor-element-54ab1c6 elementor-widget elementor-widget-image\" data-id=\"54ab1c6\" data-element_type=\"widget\" data-e-type=\"widget\" data-widget_type=\"image.default\">\n\t\t\t\t<div class=\"elementor-widget-container\">\n\t\t\t\t\t\t\t\t\t\t\t\t\t\t\t<img decoding=\"async\" width=\"1024\" height=\"738\" src=\"https:\/\/leavco.com\/wp-content\/uploads\/2023\/01\/20180729_114706.jpg\" class=\"attachment-full size-full wp-image-4723\" alt=\"Curso de Portugu\u00eas\" srcset=\"https:\/\/leavco.com\/wp-content\/uploads\/2023\/01\/20180729_114706.jpg 1024w, https:\/\/leavco.com\/wp-content\/uploads\/2023\/01\/20180729_114706-300x216.jpg 300w, https:\/\/leavco.com\/wp-content\/uploads\/2023\/01\/20180729_114706-768x554.jpg 768w\" sizes=\"(max-width: 1024px) 100vw, 1024px\" \/>\t\t\t\t\t\t\t\t\t\t\t\t\t\t\t<\/div>\n\t\t\t\t<\/div>\n\t\t\t\t<div class=\"elementor-element elementor-element-0115545 elementor-widget elementor-widget-text-editor\" data-id=\"0115545\" data-element_type=\"widget\" data-e-type=\"widget\" data-widget_type=\"text-editor.default\">\n\t\t\t\t<div class=\"elementor-widget-container\">\n\t\t\t\t\t\t\t\t\t<p>As inscri\u00e7\u00f5es para as Aulas Privadas de Portugu\u00eas est\u00e3o abertas permanentemente, consoante a disponibilidade dos nossos professores.<\/p>\t\t\t\t\t\t\t\t<\/div>\n\t\t\t\t<\/div>\n\t\t\t\t<div class=\"elementor-element elementor-element-85dca6d elementor-align-center elementor-widget elementor-widget-button\" data-id=\"85dca6d\" data-element_type=\"widget\" data-e-type=\"widget\" data-widget_type=\"button.default\">\n\t\t\t\t<div class=\"elementor-widget-container\">\n\t\t\t\t\t\t\t\t\t<div class=\"elementor-button-wrapper\">\n\t\t\t\t\t<a class=\"elementor-button elementor-button-link elementor-size-sm elementor-animation-grow\" href=\"https:\/\/api.whatsapp.com\/send?phone=628119118197\">\n\t\t\t\t\t\t<span class=\"elementor-button-content-wrapper\">\n\t\t\t\t\t\t\t\t\t<span class=\"elementor-button-text\">Contacte-Nos<\/span>\n\t\t\t\t\t<\/span>\n\t\t\t\t\t<\/a>\n\t\t\t\t<\/div>\n\t\t\t\t\t\t\t\t<\/div>\n\t\t\t\t<\/div>\n\t\t\t\t\t<\/div>\n\t\t<\/div>\n\t\t\t\t\t<\/div>\n\t\t<\/section>\n\t\t\t\t\t<\/div>\n\t\t<\/div>\n\t\t\t\t<div class=\"elementor-column elementor-col-50 elementor-top-column elementor-element elementor-element-d451a74\" data-id=\"d451a74\" data-element_type=\"column\" data-e-type=\"column\">\n\t\t\t<div class=\"elementor-widget-wrap elementor-element-populated\">\n\t\t\t\t\t\t<div class=\"elementor-element elementor-element-e3c8baf elementor-widget elementor-widget-heading\" data-id=\"e3c8baf\" data-element_type=\"widget\" data-e-type=\"widget\" data-widget_type=\"heading.default\">\n\t\t\t\t<div class=\"elementor-widget-container\">\n\t\t\t\t\t<h3 class=\"elementor-heading-title elementor-size-default\">Flexibilidade ilimitada<\/h3>\t\t\t\t<\/div>\n\t\t\t\t<\/div>\n\t\t\t\t<div class=\"elementor-element elementor-element-3f67d55 elementor-widget elementor-widget-text-editor\" data-id=\"3f67d55\" data-element_type=\"widget\" data-e-type=\"widget\" data-widget_type=\"text-editor.default\">\n\t\t\t\t<div class=\"elementor-widget-container\">\n\t\t\t\t\t\t\t\t\t<p>Programa <strong>As Aulas Privadas de Portugu\u00eas<\/strong> As aulas podem ser realizadas na resid\u00eancia do aluno ou nas nossas instala\u00e7\u00f5es em Depok.<\/p><p>Al\u00e9m do m\u00e9todo presencial, os participantes podem optar por frequentar o curso online <em>Em linha<\/em> via Zoom Meeting.<\/p>\t\t\t\t\t\t\t\t<\/div>\n\t\t\t\t<\/div>\n\t\t\t\t\t<\/div>\n\t\t<\/div>\n\t\t\t\t\t<\/div>\n\t\t<\/section>\n\t\t\t\t<section class=\"elementor-section elementor-top-section elementor-element elementor-element-dc6227f elementor-section-boxed elementor-section-height-default elementor-section-height-default\" data-id=\"dc6227f\" data-element_type=\"section\" data-e-type=\"section\" data-settings=\"{&quot;jet_parallax_layout_list&quot;:[]}\">\n\t\t\t\t\t\t<div class=\"elementor-container elementor-column-gap-default\">\n\t\t\t\t\t<div class=\"elementor-column elementor-col-100 elementor-top-column elementor-element elementor-element-de41201\" data-id=\"de41201\" data-element_type=\"column\" data-e-type=\"column\">\n\t\t\t<div class=\"elementor-widget-wrap elementor-element-populated\">\n\t\t\t\t\t\t<div class=\"elementor-element elementor-element-5ce05ab elementor-widget elementor-widget-heading\" data-id=\"5ce05ab\" data-element_type=\"widget\" data-e-type=\"widget\" data-widget_type=\"heading.default\">\n\t\t\t\t<div class=\"elementor-widget-container\">\n\t\t\t\t\t<h2 class=\"elementor-heading-title elementor-size-default\">Outras Turmas:<\/h2>\t\t\t\t<\/div>\n\t\t\t\t<\/div>\n\t\t\t\t<div class=\"elementor-element elementor-element-3557ab3 elementor-icon-list--layout-traditional elementor-list-item-link-full_width elementor-widget elementor-widget-icon-list\" data-id=\"3557ab3\" data-element_type=\"widget\" data-e-type=\"widget\" data-widget_type=\"icon-list.default\">\n\t\t\t\t<div class=\"elementor-widget-container\">\n\t\t\t\t\t\t\t<ul class=\"elementor-icon-list-items\">\n\t\t\t\t\t\t\t<li class=\"elementor-icon-list-item\">\n\t\t\t\t\t\t\t\t\t\t\t<a href=\"\/pt\/curso-2\/lingua-portuguesa\/aula-regular-de-portugues\/\">\n\n\t\t\t\t\t\t\t\t\t\t\t\t<span class=\"elementor-icon-list-icon\">\n\t\t\t\t\t\t\t<i aria-hidden=\"true\" class=\"fas fa-check\"><\/i>\t\t\t\t\t\t<\/span>\n\t\t\t\t\t\t\t\t\t\t<span class=\"elementor-icon-list-text\"> Aulas Regulares de Portugu\u00eas<\/span>\n\t\t\t\t\t\t\t\t\t\t\t<\/a>\n\t\t\t\t\t\t\t\t\t<\/li>\n\t\t\t\t\t\t\t\t<li class=\"elementor-icon-list-item\">\n\t\t\t\t\t\t\t\t\t\t\t<a href=\"\/pt\/curso-2\/lingua-portuguesa\/lingua-indonesia-para-falantes-de-portugues\/\">\n\n\t\t\t\t\t\t\t\t\t\t\t\t<span class=\"elementor-icon-list-icon\">\n\t\t\t\t\t\t\t<i aria-hidden=\"true\" class=\"fas fa-check\"><\/i>\t\t\t\t\t\t<\/span>\n\t\t\t\t\t\t\t\t\t\t<span class=\"elementor-icon-list-text\"> Bahasa Indon\u00e9sio para Falantes de Portugu\u00eas<\/span>\n\t\t\t\t\t\t\t\t\t\t\t<\/a>\n\t\t\t\t\t\t\t\t\t<\/li>\n\t\t\t\t\t\t<\/ul>\n\t\t\t\t\t\t<\/div>\n\t\t\t\t<\/div>\n\t\t\t\t\t<\/div>\n\t\t<\/div>\n\t\t\t\t\t<\/div>\n\t\t<\/section>\n\t\t\t\t<section class=\"elementor-section elementor-top-section elementor-element elementor-element-4baf246 elementor-section-boxed elementor-section-height-default elementor-section-height-default\" data-id=\"4baf246\" data-element_type=\"section\" data-e-type=\"section\" data-settings=\"{&quot;background_background&quot;:&quot;classic&quot;,&quot;jet_parallax_layout_list&quot;:[]}\">\n\t\t\t\t\t\t\t<div class=\"elementor-background-overlay\"><\/div>\n\t\t\t\t\t\t\t<div class=\"elementor-container elementor-column-gap-wide\">\n\t\t\t\t\t<div class=\"elementor-column elementor-col-50 elementor-top-column elementor-element elementor-element-60a6ce1 elementor-invisible\" data-id=\"60a6ce1\" data-element_type=\"column\" data-e-type=\"column\" data-settings=\"{&quot;background_background&quot;:&quot;classic&quot;,&quot;animation&quot;:&quot;fadeInUp&quot;}\">\n\t\t\t<div class=\"elementor-widget-wrap elementor-element-populated\">\n\t\t\t\t\t\t<div class=\"elementor-element elementor-element-26a2613 elementor-widget elementor-widget-heading\" data-id=\"26a2613\" data-element_type=\"widget\" data-e-type=\"widget\" data-widget_type=\"heading.default\">\n\t\t\t\t<div class=\"elementor-widget-container\">\n\t\t\t\t\t<h2 class=\"elementor-heading-title elementor-size-default\">Sinta a Indon\u00e9sia<\/h2>\t\t\t\t<\/div>\n\t\t\t\t<\/div>\n\t\t\t\t<div class=\"elementor-element elementor-element-b4253c0 elementor-widget elementor-widget-text-editor\" data-id=\"b4253c0\" data-element_type=\"widget\" data-e-type=\"widget\" data-widget_type=\"text-editor.default\">\n\t\t\t\t<div class=\"elementor-widget-container\">\n\t\t\t\t\t\t\t\t\tO programa incentiva os participantes a sentir o quotidiano dos indon\u00e9sios, atrav\u00e9s de intera\u00e7\u00e3o cont\u00ednua durante as aulas e m\u00e9todos de aprendizagem criativos promovidos pelos nossos instrutores. \t\t\t\t\t\t\t\t<\/div>\n\t\t\t\t<\/div>\n\t\t\t\t\t<\/div>\n\t\t<\/div>\n\t\t\t\t<div class=\"elementor-column elementor-col-50 elementor-top-column elementor-element elementor-element-7785535 elementor-invisible\" data-id=\"7785535\" data-element_type=\"column\" data-e-type=\"column\" data-settings=\"{&quot;background_background&quot;:&quot;classic&quot;,&quot;animation&quot;:&quot;fadeInUp&quot;}\">\n\t\t\t<div class=\"elementor-widget-wrap elementor-element-populated\">\n\t\t\t\t\t\t<div class=\"elementor-element elementor-element-c56afae elementor-align-center elementor-widget elementor-widget-button\" data-id=\"c56afae\" data-element_type=\"widget\" data-e-type=\"widget\" data-widget_type=\"button.default\">\n\t\t\t\t<div class=\"elementor-widget-container\">\n\t\t\t\t\t\t\t\t\t<div class=\"elementor-button-wrapper\">\n\t\t\t\t\t<a class=\"elementor-button elementor-button-link elementor-size-sm elementor-animation-grow\" href=\"https:\/\/api.whatsapp.com\/send?phone=628119118197\">\n\t\t\t\t\t\t<span class=\"elementor-button-content-wrapper\">\n\t\t\t\t\t\t\t\t\t<span class=\"elementor-button-text\">Discutir o Programa<\/span>\n\t\t\t\t\t<\/span>\n\t\t\t\t\t<\/a>\n\t\t\t\t<\/div>\n\t\t\t\t\t\t\t\t<\/div>\n\t\t\t\t<\/div>\n\t\t\t\t\t<\/div>\n\t\t<\/div>\n\t\t\t\t\t<\/div>\n\t\t<\/section>\n\t\t\t\t<\/div>","protected":false},"excerpt":{"rendered":"<p>Kursus Bahasa Portugis Kelas Privat Bahasa Portugis Privat Portugis Sistem satu guru satu murid memungkinkan Anda mengatur secara fleksibel secara waktu dan tempat untuk menjadikan suasana Kursus Bahasa Portugis menyenangkan Bagi para pebisnis dan profesional, keinginan untuk belajar bahasa Portugis sering terkendala waktu. Program Kelas Privat Bahasa Portugis didesain secara eksklusif bagi kalangan bisnis dan [&hellip;]<\/p>","protected":false},"author":5,"featured_media":0,"parent":2834,"menu_order":0,"comment_status":"closed","ping_status":"closed","template":"elementor_header_footer","meta":{"googlesitekit_rrm_CAow0ovCDA:productID":"","footnotes":""},"class_list":["post-2993","page","type-page","status-publish","hentry"],"aioseo_notices":[],"_links":{"self":[{"href":"https:\/\/leavco.com\/pt\/wp-json\/wp\/v2\/pages\/2993","targetHints":{"allow":["GET"]}}],"collection":[{"href":"https:\/\/leavco.com\/pt\/wp-json\/wp\/v2\/pages"}],"about":[{"href":"https:\/\/leavco.com\/pt\/wp-json\/wp\/v2\/types\/page"}],"author":[{"embeddable":true,"href":"https:\/\/leavco.com\/pt\/wp-json\/wp\/v2\/users\/5"}],"replies":[{"embeddable":true,"href":"https:\/\/leavco.com\/pt\/wp-json\/wp\/v2\/comments?post=2993"}],"version-history":[{"count":62,"href":"https:\/\/leavco.com\/pt\/wp-json\/wp\/v2\/pages\/2993\/revisions"}],"predecessor-version":[{"id":5440,"href":"https:\/\/leavco.com\/pt\/wp-json\/wp\/v2\/pages\/2993\/revisions\/5440"}],"up":[{"embeddable":true,"href":"https:\/\/leavco.com\/pt\/wp-json\/wp\/v2\/pages\/2834"}],"wp:attachment":[{"href":"https:\/\/leavco.com\/pt\/wp-json\/wp\/v2\/media?parent=2993"}],"curies":[{"name":"wp","href":"https:\/\/api.w.org\/{rel}","templated":true}]}}