{"id":2822,"date":"2021-04-08T00:10:54","date_gmt":"2021-04-07T17:10:54","guid":{"rendered":"http:\/\/leavco.com\/?page_id=2822"},"modified":"2023-01-15T12:44:29","modified_gmt":"2023-01-15T05:44:29","slug":"profil","status":"publish","type":"page","link":"https:\/\/leavco.com\/pt\/perfil","title":{"rendered":"Perfil"},"content":{"rendered":"<div data-elementor-type=\"wp-page\" data-elementor-id=\"2822\" class=\"elementor elementor-2822\" data-elementor-post-type=\"page\">\n\t\t\t\t\t\t<section class=\"elementor-section elementor-top-section elementor-element elementor-element-73a230b elementor-section-height-min-height elementor-section-boxed elementor-section-height-default elementor-section-items-middle\" data-id=\"73a230b\" data-element_type=\"section\" data-e-type=\"section\" data-settings=\"{&quot;background_background&quot;:&quot;classic&quot;,&quot;jet_parallax_layout_list&quot;:[]}\">\n\t\t\t\t\t\t\t<div class=\"elementor-background-overlay\"><\/div>\n\t\t\t\t\t\t\t<div class=\"elementor-container elementor-column-gap-default\">\n\t\t\t\t\t<div class=\"elementor-column elementor-col-50 elementor-top-column elementor-element elementor-element-cd7f284\" data-id=\"cd7f284\" data-element_type=\"column\" data-e-type=\"column\">\n\t\t\t<div class=\"elementor-widget-wrap elementor-element-populated\">\n\t\t\t\t\t\t\t<\/div>\n\t\t<\/div>\n\t\t\t\t<div class=\"elementor-column elementor-col-50 elementor-top-column elementor-element elementor-element-42b1474\" data-id=\"42b1474\" data-element_type=\"column\" data-e-type=\"column\">\n\t\t\t<div class=\"elementor-widget-wrap\">\n\t\t\t\t\t\t\t<\/div>\n\t\t<\/div>\n\t\t\t\t\t<\/div>\n\t\t<\/section>\n\t\t\t\t<section class=\"elementor-section elementor-top-section elementor-element elementor-element-dfb1e67 elementor-reverse-mobile elementor-section-boxed elementor-section-height-default elementor-section-height-default\" data-id=\"dfb1e67\" data-element_type=\"section\" data-e-type=\"section\" data-settings=\"{&quot;background_background&quot;:&quot;classic&quot;,&quot;jet_parallax_layout_list&quot;:[]}\">\n\t\t\t\t\t\t\t<div class=\"elementor-background-overlay\"><\/div>\n\t\t\t\t\t\t\t<div class=\"elementor-container elementor-column-gap-wide\">\n\t\t\t\t\t<div class=\"elementor-column elementor-col-50 elementor-top-column elementor-element elementor-element-cdcf72e elementor-invisible\" data-id=\"cdcf72e\" data-element_type=\"column\" data-e-type=\"column\" data-settings=\"{&quot;background_background&quot;:&quot;classic&quot;,&quot;animation&quot;:&quot;fadeInUp&quot;}\">\n\t\t\t<div class=\"elementor-widget-wrap elementor-element-populated\">\n\t\t\t\t\t\t<div class=\"elementor-element elementor-element-17e633f elementor-widget elementor-widget-heading\" data-id=\"17e633f\" data-element_type=\"widget\" data-e-type=\"widget\" data-widget_type=\"heading.default\">\n\t\t\t\t<div class=\"elementor-widget-container\">\n\t\t\t\t\t<div class=\"elementor-heading-title elementor-size-default\">Leavco - CV. Leavco Media Comunica\u00e7\u00e3o<\/div>\t\t\t\t<\/div>\n\t\t\t\t<\/div>\n\t\t\t\t<div class=\"elementor-element elementor-element-e24d934 elementor-widget elementor-widget-heading\" data-id=\"e24d934\" data-element_type=\"widget\" data-e-type=\"widget\" data-widget_type=\"heading.default\">\n\t\t\t\t<div class=\"elementor-widget-container\">\n\t\t\t\t\t<h2 class=\"elementor-heading-title elementor-size-default\">Conhecer a Leavco<\/h2>\t\t\t\t<\/div>\n\t\t\t\t<\/div>\n\t\t\t\t<div class=\"elementor-element elementor-element-14c09c8 elementor-widget elementor-widget-spacer\" data-id=\"14c09c8\" data-element_type=\"widget\" data-e-type=\"widget\" data-widget_type=\"spacer.default\">\n\t\t\t\t<div class=\"elementor-widget-container\">\n\t\t\t\t\t\t\t<div class=\"elementor-spacer\">\n\t\t\t<div class=\"elementor-spacer-inner\"><\/div>\n\t\t<\/div>\n\t\t\t\t\t\t<\/div>\n\t\t\t\t<\/div>\n\t\t\t\t<div class=\"elementor-element elementor-element-231b683 elementor-widget elementor-widget-text-editor\" data-id=\"231b683\" data-element_type=\"widget\" data-e-type=\"widget\" data-widget_type=\"text-editor.default\">\n\t\t\t\t<div class=\"elementor-widget-container\">\n\t\t\t\t\t\t\t\t\t<p>O desenvolvimento do mundo global traz uma troca de fluxo de informa\u00e7\u00f5es cada vez mais r\u00e1pida; a dist\u00e2ncia e o tempo n\u00e3o s\u00e3o mais obst\u00e1culos para quem quer aprender e partilhar conhecimento.\u00a0<\/p><p>A l\u00edngua n\u00e3o funciona apenas como um intermedi\u00e1rio de comunica\u00e7\u00e3o, mas tamb\u00e9m como um instrumento para transmitir ideias, trocar opini\u00f5es e uma ferramenta de diplomacia.\u00a0<\/p><p>Com compet\u00eancias lingu\u00edsticas, uma pessoa pode construir autoconfian\u00e7a para come\u00e7ar a interagir com os outros.\u00a0<\/p><p>Para responder a essas necessidades, <b>Leavco <\/b>surge como uma solu\u00e7\u00e3o em comunica\u00e7\u00e3o internacional e lingu\u00edstica.<\/p><p><b>Leavco <\/b>\u00e9 uma institui\u00e7\u00e3o de ensino privada com especializa\u00e7\u00e3o em l\u00edngua portuguesa.\u00a0<\/p><p>Al\u00e9m do portugu\u00eas, tamb\u00e9m oferecemos programas em v\u00e1rias outras l\u00ednguas, incluindo franc\u00eas, espanhol e italiano.\u00a0<\/p><p>Os nossos tr\u00eas servi\u00e7os principais s\u00e3o Cursos de L\u00ednguas, Tradu\u00e7\u00e3o e Interpreta\u00e7\u00e3o.<\/p><p><strong>Leavco<\/strong> est\u00e1 registada no Minist\u00e9rio da Justi\u00e7a e dos Direitos Humanos da Rep\u00fablica da Indon\u00e9sia sob o nome <b>CV. LEAVCO MEDIA COMMUNICATION.<\/b><\/p>\t\t\t\t\t\t\t\t<\/div>\n\t\t\t\t<\/div>\n\t\t\t\t\t<\/div>\n\t\t<\/div>\n\t\t\t\t<div class=\"elementor-column elementor-col-50 elementor-top-column elementor-element elementor-element-7e24f3c elementor-invisible\" data-id=\"7e24f3c\" data-element_type=\"column\" data-e-type=\"column\" data-settings=\"{&quot;background_background&quot;:&quot;classic&quot;,&quot;animation&quot;:&quot;fadeInUp&quot;}\">\n\t\t\t<div class=\"elementor-widget-wrap elementor-element-populated\">\n\t\t\t\t\t\t<div class=\"elementor-element elementor-element-4f1090a elementor-widget elementor-widget-image\" data-id=\"4f1090a\" data-element_type=\"widget\" data-e-type=\"widget\" data-widget_type=\"image.default\">\n\t\t\t\t<div class=\"elementor-widget-container\">\n\t\t\t\t\t\t\t\t\t\t\t\t\t\t\t<img fetchpriority=\"high\" decoding=\"async\" width=\"1150\" height=\"700\" src=\"https:\/\/leavco.com\/wp-content\/uploads\/2023\/01\/luar-1.jpg\" class=\"attachment-full size-full wp-image-5125\" alt=\"Curso de Portugu\u00eas Leavco\" srcset=\"https:\/\/leavco.com\/wp-content\/uploads\/2023\/01\/luar-1.jpg 1150w, https:\/\/leavco.com\/wp-content\/uploads\/2023\/01\/luar-1-300x183.jpg 300w, https:\/\/leavco.com\/wp-content\/uploads\/2023\/01\/luar-1-1024x623.jpg 1024w, https:\/\/leavco.com\/wp-content\/uploads\/2023\/01\/luar-1-768x467.jpg 768w\" sizes=\"(max-width: 1150px) 100vw, 1150px\" \/>\t\t\t\t\t\t\t\t\t\t\t\t\t\t\t<\/div>\n\t\t\t\t<\/div>\n\t\t\t\t<div class=\"elementor-element elementor-element-cd966ce elementor-align-center elementor-widget elementor-widget-button\" data-id=\"cd966ce\" data-element_type=\"widget\" data-e-type=\"widget\" data-widget_type=\"button.default\">\n\t\t\t\t<div class=\"elementor-widget-container\">\n\t\t\t\t\t\t\t\t\t<div class=\"elementor-button-wrapper\">\n\t\t\t\t\t<a class=\"elementor-button elementor-button-link elementor-size-sm elementor-animation-grow\" href=\"#elementor-action%3Aaction%3Dpopup%3Aopen%26settings%3DeyJpZCI6IjQ4NzUiLCJ0b2dnbGUiOmZhbHNlfQ%3D%3D\">\n\t\t\t\t\t\t<span class=\"elementor-button-content-wrapper\">\n\t\t\t\t\t\t<span class=\"elementor-button-icon\">\n\t\t\t\t<i aria-hidden=\"true\" class=\"far fa-address-card\"><\/i>\t\t\t<\/span>\n\t\t\t\t\t\t\t\t\t<span class=\"elementor-button-text\">Perfil da empresa<\/span>\n\t\t\t\t\t<\/span>\n\t\t\t\t\t<\/a>\n\t\t\t\t<\/div>\n\t\t\t\t\t\t\t\t<\/div>\n\t\t\t\t<\/div>\n\t\t\t\t\t<\/div>\n\t\t<\/div>\n\t\t\t\t\t<\/div>\n\t\t<\/section>\n\t\t\t\t<section class=\"elementor-section elementor-top-section elementor-element elementor-element-2ab7074 elementor-section-boxed elementor-section-height-default elementor-section-height-default\" data-id=\"2ab7074\" data-element_type=\"section\" data-e-type=\"section\" data-settings=\"{&quot;background_background&quot;:&quot;classic&quot;,&quot;jet_parallax_layout_list&quot;:[]}\">\n\t\t\t\t\t\t\t<div class=\"elementor-background-overlay\"><\/div>\n\t\t\t\t\t\t\t<div class=\"elementor-container elementor-column-gap-wide\">\n\t\t\t\t\t<div class=\"elementor-column elementor-col-50 elementor-top-column elementor-element elementor-element-f51a4c3\" data-id=\"f51a4c3\" data-element_type=\"column\" data-e-type=\"column\">\n\t\t\t<div class=\"elementor-widget-wrap elementor-element-populated\">\n\t\t\t\t\t\t<div class=\"elementor-element elementor-element-5604bd9 elementor-widget elementor-widget-eael-adv-tabs\" data-id=\"5604bd9\" data-element_type=\"widget\" data-e-type=\"widget\" data-widget_type=\"eael-adv-tabs.default\">\n\t\t\t\t<div class=\"elementor-widget-container\">\n\t\t\t\t\t        <div data-scroll-on-click=\"no\" data-scroll-speed=\"300\" id=\"eael-advance-tabs-5604bd9\" class=\"eael-advance-tabs eael-tabs-horizontal eael-tab-auto-active  active-caret-on\" data-tabid=\"5604bd9\">\n            <div class=\"eael-tabs-nav\">\n                <ul class=\"\" role=\"tablist\">\n                                            <li id=\"visi\" class=\"inactive eael-tab-item-trigger eael-tab-nav-item\" aria-selected=\"true\" data-tab=\"1\" role=\"tab\" tabindex=\"0\" aria-controls=\"visi-tab\" aria-expanded=\"false\">\n                            \n                            \n                            \n                                                            <span class=\"eael-tab-title title-after-icon\" >Vis\u00e3o<\/span>                                                    <\/li>\n                                            <li id=\"misi\" class=\"inactive eael-tab-item-trigger eael-tab-nav-item\" aria-selected=\"false\" data-tab=\"2\" role=\"tab\" tabindex=\"-1\" aria-controls=\"misi-tab\" aria-expanded=\"false\">\n                            \n                            \n                            \n                                                            <span class=\"eael-tab-title title-after-icon\" >Miss\u00e3o<\/span>                                                    <\/li>\n                    \n                                  <\/ul>\n            <\/div>\n            \n            <div class=\"eael-tabs-content\">\n\t\t        \n                    <div id=\"visi-tab\" class=\"clearfix eael-tab-content-item inactive\" data-title-link=\"visi-tab\">\n\t\t\t\t        Tornar a aprendizagem de l\u00ednguas estrangeiras um dos componentes principais no desenvolvimento do potencial dos recursos humanos.                    <\/div>\n\t\t        \n                    <div id=\"misi-tab\" class=\"clearfix eael-tab-content-item inactive\" data-title-link=\"misi-tab\">\n\t\t\t\t        <p>Oferecer cursos de l\u00ednguas estrangeiras comunicativos e agrad\u00e1veis para todos os grupos em Depok e arredores.<\/p>                    <\/div>\n\t\t                    <\/div>\n        <\/div>\n\t\t\t\t<\/div>\n\t\t\t\t<\/div>\n\t\t\t\t\t<\/div>\n\t\t<\/div>\n\t\t\t\t<div class=\"elementor-column elementor-col-50 elementor-top-column elementor-element elementor-element-24ea58d\" data-id=\"24ea58d\" data-element_type=\"column\" data-e-type=\"column\">\n\t\t\t<div class=\"elementor-widget-wrap elementor-element-populated\">\n\t\t\t\t\t\t<div class=\"elementor-element elementor-element-e91a564 elementor-widget elementor-widget-eael-adv-tabs\" data-id=\"e91a564\" data-element_type=\"widget\" data-e-type=\"widget\" data-widget_type=\"eael-adv-tabs.default\">\n\t\t\t\t<div class=\"elementor-widget-container\">\n\t\t\t\t\t        <div data-scroll-on-click=\"no\" data-scroll-speed=\"300\" id=\"eael-advance-tabs-e91a564\" class=\"eael-advance-tabs eael-tabs-horizontal eael-tab-auto-active  active-caret-on\" data-tabid=\"e91a564\">\n            <div class=\"eael-tabs-nav\">\n                <ul class=\"\" role=\"tablist\">\n                                            <li id=\"filosofi\" class=\"inactive eael-tab-item-trigger eael-tab-nav-item\" aria-selected=\"true\" data-tab=\"1\" role=\"tab\" tabindex=\"0\" aria-controls=\"filosofi-tab\" aria-expanded=\"false\">\n                            \n                            \n                            \n                                                            <span class=\"eael-tab-title title-after-icon\" >Filosofia<\/span>                                                    <\/li>\n                                            <li id=\"program\" class=\"inactive eael-tab-item-trigger eael-tab-nav-item\" aria-selected=\"false\" data-tab=\"2\" role=\"tab\" tabindex=\"-1\" aria-controls=\"program-tab\" aria-expanded=\"false\">\n                            \n                            \n                            \n                                                            <span class=\"eael-tab-title title-after-icon\" >Programa<\/span>                                                    <\/li>\n                    \n                                  <\/ul>\n            <\/div>\n            \n            <div class=\"eael-tabs-content\">\n\t\t        \n                    <div id=\"filosofi-tab\" class=\"clearfix eael-tab-content-item inactive\" data-title-link=\"filosofi-tab\">\n\t\t\t\t        <p>Aprender idiomas atrav\u00e9s de di\u00e1logo interativo que cultiva a curiosidade e a participa\u00e7\u00e3o ativa dos alunos, com o acompanhamento dos nossos professores.<\/p>                    <\/div>\n\t\t        \n                    <div id=\"program-tab\" class=\"clearfix eael-tab-content-item inactive\" data-title-link=\"program-tab\">\n\t\t\t\t        O nosso programa destina-se ao p\u00fablico em geral que deseja aprender uma l\u00edngua estrangeira desde o in\u00edcio. A dura\u00e7\u00e3o da aprendizagem \u00e9 de 24 Horas Aula (dois meses) com 16 sess\u00f5es de aula.                    <\/div>\n\t\t                    <\/div>\n        <\/div>\n\t\t\t\t<\/div>\n\t\t\t\t<\/div>\n\t\t\t\t\t<\/div>\n\t\t<\/div>\n\t\t\t\t\t<\/div>\n\t\t<\/section>\n\t\t\t\t<section class=\"elementor-section elementor-top-section elementor-element elementor-element-0b4e2f0 elementor-section-boxed elementor-section-height-default elementor-section-height-default\" data-id=\"0b4e2f0\" data-element_type=\"section\" data-e-type=\"section\" data-settings=\"{&quot;background_background&quot;:&quot;classic&quot;,&quot;jet_parallax_layout_list&quot;:[]}\">\n\t\t\t\t\t\t\t<div class=\"elementor-background-overlay\"><\/div>\n\t\t\t\t\t\t\t<div class=\"elementor-container elementor-column-gap-wide\">\n\t\t\t\t\t<div class=\"elementor-column elementor-col-100 elementor-top-column elementor-element elementor-element-f92d746 elementor-invisible\" data-id=\"f92d746\" data-element_type=\"column\" data-e-type=\"column\" data-settings=\"{&quot;background_background&quot;:&quot;classic&quot;,&quot;animation&quot;:&quot;fadeInUp&quot;}\">\n\t\t\t<div class=\"elementor-widget-wrap elementor-element-populated\">\n\t\t\t\t\t\t<div class=\"elementor-element elementor-element-56db61a elementor-widget elementor-widget-heading\" data-id=\"56db61a\" data-element_type=\"widget\" data-e-type=\"widget\" data-widget_type=\"heading.default\">\n\t\t\t\t<div class=\"elementor-widget-container\">\n\t\t\t\t\t<h2 class=\"elementor-heading-title elementor-size-default\">FAQ<\/h2>\t\t\t\t<\/div>\n\t\t\t\t<\/div>\n\t\t\t\t<div class=\"elementor-element elementor-element-9a49a1a elementor-widget elementor-widget-spacer\" data-id=\"9a49a1a\" data-element_type=\"widget\" data-e-type=\"widget\" data-widget_type=\"spacer.default\">\n\t\t\t\t<div class=\"elementor-widget-container\">\n\t\t\t\t\t\t\t<div class=\"elementor-spacer\">\n\t\t\t<div class=\"elementor-spacer-inner\"><\/div>\n\t\t<\/div>\n\t\t\t\t\t\t<\/div>\n\t\t\t\t<\/div>\n\t\t\t\t<div class=\"elementor-element elementor-element-9a8e63d elementor-widget elementor-widget-eael-adv-accordion\" data-id=\"9a8e63d\" data-element_type=\"widget\" data-e-type=\"widget\" data-widget_type=\"eael-adv-accordion.default\">\n\t\t\t\t<div class=\"elementor-widget-container\">\n\t\t\t\t\t            <div class=\"eael-adv-accordion\" id=\"eael-adv-accordion-9a8e63d\" data-scroll-on-click=\"no\" data-scroll-speed=\"300\" data-accordion-id=\"9a8e63d\" data-accordion-type=\"accordion\" data-toogle-speed=\"300\">\n            <div class=\"eael-accordion-list\">\n\t\t\t\t\t<div id=\"bagaimana-latar-belakang-pengajar\" class=\"elementor-tab-title eael-accordion-header\" tabindex=\"0\" data-tab=\"1\" aria-controls=\"elementor-tab-content-1621\"><span class=\"eael-advanced-accordion-icon-closed\"><i aria-hidden=\"true\" class=\"fa-accordion-icon fas fa-plus\"><\/i><\/span><span class=\"eael-advanced-accordion-icon-opened\"><i aria-hidden=\"true\" class=\"fa-accordion-icon fas fa-minus\"><\/i><\/span><span class=\"eael-accordion-tab-title\">Qual \u00e9 a forma\u00e7\u00e3o dos professores?<\/span><i aria-hidden=\"true\" class=\"fa-toggle fas fa-angle-right\"><\/i><\/div><div id=\"elementor-tab-content-1621\" class=\"eael-accordion-content clearfix\" data-tab=\"1\" aria-labelledby=\"bagaimana-latar-belakang-pengajar\"><p>Os nossos professores s\u00e3o formados nas melhores universidades p\u00fablicas e privadas da Indon\u00e9sia. Possuem experi\u00eancia de ensino e de estudo em pa\u00edses nativos da l\u00edngua que lecionam e atuam ativamente como professores universit\u00e1rios.<\/p><\/div>\n\t\t\t\t\t<\/div><div class=\"eael-accordion-list\">\n\t\t\t\t\t<div id=\"-berapa-lama-kursus-berjalan\" class=\"elementor-tab-title eael-accordion-header\" tabindex=\"0\" data-tab=\"2\" aria-controls=\"elementor-tab-content-1622\"><span class=\"eael-advanced-accordion-icon-closed\"><i aria-hidden=\"true\" class=\"fa-accordion-icon fas fa-plus\"><\/i><\/span><span class=\"eael-advanced-accordion-icon-opened\"><i aria-hidden=\"true\" class=\"fa-accordion-icon fas fa-minus\"><\/i><\/span><span class=\"eael-accordion-tab-title\"> Qual \u00e9 a dura\u00e7\u00e3o do curso?<\/span><i aria-hidden=\"true\" class=\"fa-toggle fas fa-angle-right\"><\/i><\/div><div id=\"elementor-tab-content-1622\" class=\"eael-accordion-content clearfix\" data-tab=\"2\" aria-labelledby=\"-berapa-lama-kursus-berjalan\"><p>Cada n\u00edvel na Leavco \u00e9 conclu\u00eddo em 8 semanas ou dois meses.<\/p><p>As nossas aulas de l\u00ednguas estrangeiras s\u00e3o constitu\u00eddas por dois grupos principais: <strong>regular<\/strong> e <strong>privado.<\/strong>As turmas regulares consistem em 5 a 8 participantes, enquanto as aulas privadas seguem o sistema \"um professor para um aluno\".<\/p><p>O total de sess\u00f5es por n\u00edvel para ambos os grupos \u00e9 de 16 sess\u00f5es, com dura\u00e7\u00e3o de 120 minutos cada.<\/p><\/div>\n\t\t\t\t\t<\/div><div class=\"eael-accordion-list\">\n\t\t\t\t\t<div id=\"bahasa-apa-saja-yang-ditawarkan\" class=\"elementor-tab-title eael-accordion-header\" tabindex=\"0\" data-tab=\"3\" aria-controls=\"elementor-tab-content-1623\"><span class=\"eael-advanced-accordion-icon-closed\"><i aria-hidden=\"true\" class=\"fa-accordion-icon fas fa-plus\"><\/i><\/span><span class=\"eael-advanced-accordion-icon-opened\"><i aria-hidden=\"true\" class=\"fa-accordion-icon fas fa-minus\"><\/i><\/span><span class=\"eael-accordion-tab-title\">Quais idiomas s\u00e3o oferecidos?<\/span><i aria-hidden=\"true\" class=\"fa-toggle fas fa-angle-right\"><\/i><\/div><div id=\"elementor-tab-content-1623\" class=\"eael-accordion-content clearfix\" data-tab=\"3\" aria-labelledby=\"bahasa-apa-saja-yang-ditawarkan\"><p>A nossa especialidade principa \u00e9 <a title=\"Portugu\u00eas\" href=\"https:\/\/leavco.com\/pt\/curso-2\/lingua-portuguesa\/\"><strong>Portugu\u00eas<\/strong><\/a>.<\/p><p>Tamb\u00e9m oferecemos aulas de l\u00ednguas rom\u00e2nicas, como <a title=\"Curso de L\u00ednguas Rom\u00e2nicas\" href=\"https:\/\/leavco.com\/pt\/curso-2\/lingua-romantica\/\"><strong>Franc\u00eas, Italiano<\/strong> e <strong>Espanhol<\/strong><\/a>.<\/p><p>Al\u00e9m disso, existem tr\u00eas programas de ingl\u00eas: Ingl\u00eas para Neg\u00f3cios, Conversa\u00e7\u00e3o e Prepara\u00e7\u00e3o para TOEFL.<\/p><\/div>\n\t\t\t\t\t<\/div><div class=\"eael-accordion-list\">\n\t\t\t\t\t<div id=\"bagaimana-metode-belajar-dan-tingkat-kemampuan-yang-akan-saya-peroleh\" class=\"elementor-tab-title eael-accordion-header\" tabindex=\"0\" data-tab=\"4\" aria-controls=\"elementor-tab-content-1624\"><span class=\"eael-advanced-accordion-icon-closed\"><i aria-hidden=\"true\" class=\"fa-accordion-icon fas fa-plus\"><\/i><\/span><span class=\"eael-advanced-accordion-icon-opened\"><i aria-hidden=\"true\" class=\"fa-accordion-icon fas fa-minus\"><\/i><\/span><span class=\"eael-accordion-tab-title\">Qual \u00e9 o m\u00e9todo de ensino e que n\u00edvel de profici\u00eancia posso alcan\u00e7ar?<\/span><i aria-hidden=\"true\" class=\"fa-toggle fas fa-angle-right\"><\/i><\/div><div id=\"elementor-tab-content-1624\" class=\"eael-accordion-content clearfix\" data-tab=\"4\" aria-labelledby=\"bagaimana-metode-belajar-dan-tingkat-kemampuan-yang-akan-saya-peroleh\"><p>O nosso m\u00e9todo \u00e9 comunicativo, com material baseado num syllabus preparado pela equipa de professores, de acordo com as diretrizes de cada idioma.<\/p><p>No n\u00edvel A1 (iniciante), a \u00eanfase ser\u00e1 nas compet\u00eancias de fala e compreens\u00e3o oral.<\/p><p>Para l\u00ednguas europeias, seguimos o padr\u00e3o <em>CEFR (Quadro Europeu Comum de Refer\u00eancia para L\u00ednguas) <\/em>nos n\u00edveis A1 a C2. Saiba mais visitando a nossa p\u00e1gina <a href=\"https:\/\/www.coe.int\/en\/web\/common-european-framework-reference-languages\" target=\"_blank\" rel=\"noopener\">https:\/\/www.coe.int\/en\/web\/common-european-framework-reference-languages<\/a><\/p><\/div>\n\t\t\t\t\t<\/div><div class=\"eael-accordion-list\">\n\t\t\t\t\t<div id=\"saya-memiliki-dasar-bahasa-portugis-apakah-ada-ujian-penempatan-untuk-menentukan-kelas\" class=\"elementor-tab-title eael-accordion-header\" tabindex=\"0\" data-tab=\"5\" aria-controls=\"elementor-tab-content-1625\"><span class=\"eael-advanced-accordion-icon-closed\"><i aria-hidden=\"true\" class=\"fa-accordion-icon fas fa-plus\"><\/i><\/span><span class=\"eael-advanced-accordion-icon-opened\"><i aria-hidden=\"true\" class=\"fa-accordion-icon fas fa-minus\"><\/i><\/span><span class=\"eael-accordion-tab-title\">J\u00e1 tenho conhecimentos b\u00e1sicos de portugu\u00eas. Existe um teste de nivelamento para definir a turma?<\/span><i aria-hidden=\"true\" class=\"fa-toggle fas fa-angle-right\"><\/i><\/div><div id=\"elementor-tab-content-1625\" class=\"eael-accordion-content clearfix\" data-tab=\"5\" aria-labelledby=\"saya-memiliki-dasar-bahasa-portugis-apakah-ada-ujian-penempatan-untuk-menentukan-kelas\"><p>O teste de nivelamento \u00e9 realizado se o candidato j\u00e1 tiver experi\u00eancia pr\u00e9via ou tiver estudado portugu\u00eas noutra institui\u00e7\u00e3o.<\/p><p>Caso n\u00e3o tenha qualquer experi\u00eancia, o candidato ser\u00e1 automaticamente colocado no n\u00edvel iniciante A1.1.<\/p><\/div>\n\t\t\t\t\t<\/div><div class=\"eael-accordion-list\">\n\t\t\t\t\t<div id=\"apakah-saya-akan-memperoleh-sertifikat-kompetensi-bahasa\" class=\"elementor-tab-title eael-accordion-header\" tabindex=\"0\" data-tab=\"6\" aria-controls=\"elementor-tab-content-1626\"><span class=\"eael-advanced-accordion-icon-closed\"><i aria-hidden=\"true\" class=\"fa-accordion-icon fas fa-plus\"><\/i><\/span><span class=\"eael-advanced-accordion-icon-opened\"><i aria-hidden=\"true\" class=\"fa-accordion-icon fas fa-minus\"><\/i><\/span><span class=\"eael-accordion-tab-title\">Receberei um certificado de profici\u00eancia lingu\u00edstica?<\/span><i aria-hidden=\"true\" class=\"fa-toggle fas fa-angle-right\"><\/i><\/div><div id=\"elementor-tab-content-1626\" class=\"eael-accordion-content clearfix\" data-tab=\"6\" aria-labelledby=\"apakah-saya-akan-memperoleh-sertifikat-kompetensi-bahasa\"><p>Os participantes receber\u00e3o um certificado de compet\u00eancia ap\u00f3s completarem tr\u00eas n\u00edveis do curso.<\/p><p>A avalia\u00e7\u00e3o \u00e9 feita periodicamente atrav\u00e9s de relat\u00f3rios de classe fornecidos a cada n\u00edvel.<\/p><\/div>\n\t\t\t\t\t<\/div><\/div>\t\t\t\t<\/div>\n\t\t\t\t<\/div>\n\t\t\t\t\t<\/div>\n\t\t<\/div>\n\t\t\t\t\t<\/div>\n\t\t<\/section>\n\t\t\t\t<\/div>","protected":false},"excerpt":{"rendered":"<p>Leavco &#8211; CV. Leavco Media Komunikasi Mengenal Leavco Perkembangan dunia global membawa pertukaran arus informasi semakin cepat, jarak dan waktu tidak lagi menjadi penghalang bagi siapapun untuk belajar dan berbagi ilmu.\u00a0 Bahasa, tidak hanya berfungsi sebagai perantara komunikasi, melainkan juga sebagai instrumen penyampaian gagasan, ide dan pertukaran opini serta alat diplomasi.\u00a0 Berbekal kemampuan bahasa, seseorang [&hellip;]<\/p>","protected":false},"author":5,"featured_media":0,"parent":0,"menu_order":0,"comment_status":"closed","ping_status":"closed","template":"elementor_header_footer","meta":{"googlesitekit_rrm_CAow0ovCDA:productID":"","footnotes":""},"class_list":["post-2822","page","type-page","status-publish","hentry"],"aioseo_notices":[],"_links":{"self":[{"href":"https:\/\/leavco.com\/pt\/wp-json\/wp\/v2\/pages\/2822","targetHints":{"allow":["GET"]}}],"collection":[{"href":"https:\/\/leavco.com\/pt\/wp-json\/wp\/v2\/pages"}],"about":[{"href":"https:\/\/leavco.com\/pt\/wp-json\/wp\/v2\/types\/page"}],"author":[{"embeddable":true,"href":"https:\/\/leavco.com\/pt\/wp-json\/wp\/v2\/users\/5"}],"replies":[{"embeddable":true,"href":"https:\/\/leavco.com\/pt\/wp-json\/wp\/v2\/comments?post=2822"}],"version-history":[{"count":119,"href":"https:\/\/leavco.com\/pt\/wp-json\/wp\/v2\/pages\/2822\/revisions"}],"predecessor-version":[{"id":5375,"href":"https:\/\/leavco.com\/pt\/wp-json\/wp\/v2\/pages\/2822\/revisions\/5375"}],"wp:attachment":[{"href":"https:\/\/leavco.com\/pt\/wp-json\/wp\/v2\/media?parent=2822"}],"curies":[{"name":"wp","href":"https:\/\/api.w.org\/{rel}","templated":true}]}}